{"id":11578,"date":"2018-02-01T15:48:52","date_gmt":"2018-02-01T14:48:52","guid":{"rendered":"http:\/\/www.labellanotte.it\/wordpress\/?page_id=107"},"modified":"2018-02-04T19:05:48","modified_gmt":"2018-02-04T18:05:48","slug":"_______-2","status":"publish","type":"page","link":"http:\/\/www.labellanotte.it\/wordpress\/_______\/_______-2","title":{"rendered":"VENDEMMIA"},"content":{"rendered":"<p>[vc_row content_text_aligment=&#8221;center&#8221;][vc_column][vc_empty_space]<div class=\"eltdf-section-title-holder\" >\n\t\t\t<h2 class=\"eltdf-st-title\" >\n\t\t\t<span>UN TEMPO PER OGNI UVA<\/span>\n\t\t<\/h2>\n                    <div class=\"eltdf-st-separator clearfix\">\n                <div class=\"eltdf-separator\" ><\/div>\n            <\/div>\n        \t\t\t<\/div>[vc_empty_space][vc_single_image image=&#8221;9201&#8243; img_size=&#8221;&#8221; alignment=&#8221;center&#8221; css_animation=&#8221;left-to-right&#8221;][vc_column_text css_animation=&#8221;flipInX&#8221;]<\/p>\n<p style=\"text-align: left;\">La vendemmia \u00e8 manuale, la raccolta avviene in cassetta dopo un\u2019attenta selezione dei grappoli.<br \/>\nLe uve bianche vengono raccolte a met\u00e0 settembre e le uve rosse a met\u00e0 ottobre. La vendemmia si inizia comunque dopo un attento esame delle uve e controllo della maturazione, attraverso tecniche di analisi sensoriale dell\u2019uva in quanto la degustazione dell\u2019uva stessa \u00e8 una tappa importante del controllo della maturit\u00e0 e si effettua direttamente in vigna. Tutto questo \u00e8 poi supportato dalle analisi di laboratorio di campioni di uva. Ogni variet\u00e0 raggiunge il punto di maturazione in momenti diversi e viene raccolta separatamente.<\/p>\n<p>[\/vc_column_text][vc_empty_space height=&#8221;55px&#8221;]\n<div class=\"eltdf-image-gallery\">\n\t<div class=\"eltdf-ig-grid  eltdf-ig-columns-3 eltdf-ig-normal-space eltdf-ig-grayscale\">\n        \t\t\t\t\t<div class=\"eltdf-ig-image\">\n\t\t\t\t\t\t\t\t\t<a class=\"eltdf-ig-lightbox\" href=\"http:\/\/www.labellanotte.it\/wordpress\/wp-content\/uploads\/2013\/04\/012.jpg\" data-rel=\"prettyPhoto[single_pretty_photo-315]\" title=\"Img Vendemmia\">\n\t\t\t\t\t\t\t\t\t\t\t\t\t\t\t<img width=\"150\" height=\"150\" src=\"http:\/\/www.labellanotte.it\/wordpress\/wp-content\/uploads\/2013\/04\/012-150x150.jpg\" class=\"attachment-thumbnail size-thumbnail\" alt=\"\" decoding=\"async\" loading=\"lazy\" srcset=\"http:\/\/www.labellanotte.it\/wordpress\/wp-content\/uploads\/2013\/04\/012-150x150.jpg 150w, http:\/\/www.labellanotte.it\/wordpress\/wp-content\/uploads\/2013\/04\/012-109x109.jpg 109w, http:\/\/www.labellanotte.it\/wordpress\/wp-content\/uploads\/2013\/04\/012-155x155.jpg 155w, http:\/\/www.labellanotte.it\/wordpress\/wp-content\/uploads\/2013\/04\/012-140x140.jpg 140w\" sizes=\"(max-width: 150px) 100vw, 150px\" \/>\t\t\t\t\t\t            \t\t\t\t\t<\/a>\n\t\t\t\t\t\t\t<\/div>\n\t\t\t\t\t<div class=\"eltdf-ig-image\">\n\t\t\t\t\t\t\t\t\t<a class=\"eltdf-ig-lightbox\" href=\"http:\/\/www.labellanotte.it\/wordpress\/wp-content\/uploads\/2013\/04\/032.jpg\" data-rel=\"prettyPhoto[single_pretty_photo-315]\" title=\"Img Vendemmia\">\n\t\t\t\t\t\t\t\t\t\t\t\t\t\t\t<img width=\"150\" height=\"150\" src=\"http:\/\/www.labellanotte.it\/wordpress\/wp-content\/uploads\/2013\/04\/032-150x150.jpg\" class=\"attachment-thumbnail size-thumbnail\" alt=\"\" decoding=\"async\" loading=\"lazy\" srcset=\"http:\/\/www.labellanotte.it\/wordpress\/wp-content\/uploads\/2013\/04\/032-150x150.jpg 150w, http:\/\/www.labellanotte.it\/wordpress\/wp-content\/uploads\/2013\/04\/032-109x109.jpg 109w, http:\/\/www.labellanotte.it\/wordpress\/wp-content\/uploads\/2013\/04\/032-155x155.jpg 155w, http:\/\/www.labellanotte.it\/wordpress\/wp-content\/uploads\/2013\/04\/032-140x140.jpg 140w\" sizes=\"(max-width: 150px) 100vw, 150px\" \/>\t\t\t\t\t\t            \t\t\t\t\t<\/a>\n\t\t\t\t\t\t\t<\/div>\n\t\t\t\t\t<div class=\"eltdf-ig-image\">\n\t\t\t\t\t\t\t\t\t<a class=\"eltdf-ig-lightbox\" href=\"http:\/\/www.labellanotte.it\/wordpress\/wp-content\/uploads\/2013\/04\/042.jpg\" data-rel=\"prettyPhoto[single_pretty_photo-315]\" title=\"Img Vendemmia\">\n\t\t\t\t\t\t\t\t\t\t\t\t\t\t\t<img width=\"150\" height=\"150\" src=\"http:\/\/www.labellanotte.it\/wordpress\/wp-content\/uploads\/2013\/04\/042-150x150.jpg\" class=\"attachment-thumbnail size-thumbnail\" alt=\"\" decoding=\"async\" loading=\"lazy\" srcset=\"http:\/\/www.labellanotte.it\/wordpress\/wp-content\/uploads\/2013\/04\/042-150x150.jpg 150w, http:\/\/www.labellanotte.it\/wordpress\/wp-content\/uploads\/2013\/04\/042-109x109.jpg 109w, http:\/\/www.labellanotte.it\/wordpress\/wp-content\/uploads\/2013\/04\/042-155x155.jpg 155w, http:\/\/www.labellanotte.it\/wordpress\/wp-content\/uploads\/2013\/04\/042-140x140.jpg 140w\" sizes=\"(max-width: 150px) 100vw, 150px\" \/>\t\t\t\t\t\t            \t\t\t\t\t<\/a>\n\t\t\t\t\t\t\t<\/div>\n\t\t\t\t\t<div class=\"eltdf-ig-image\">\n\t\t\t\t\t\t\t\t\t<a class=\"eltdf-ig-lightbox\" href=\"http:\/\/www.labellanotte.it\/wordpress\/wp-content\/uploads\/2013\/04\/055.jpg\" data-rel=\"prettyPhoto[single_pretty_photo-315]\" title=\"Img Panoramica\">\n\t\t\t\t\t\t\t\t\t\t\t\t\t\t\t<img width=\"150\" height=\"150\" src=\"http:\/\/www.labellanotte.it\/wordpress\/wp-content\/uploads\/2013\/04\/055-150x150.jpg\" class=\"attachment-thumbnail size-thumbnail\" alt=\"\" decoding=\"async\" loading=\"lazy\" srcset=\"http:\/\/www.labellanotte.it\/wordpress\/wp-content\/uploads\/2013\/04\/055-150x150.jpg 150w, http:\/\/www.labellanotte.it\/wordpress\/wp-content\/uploads\/2013\/04\/055-109x109.jpg 109w, http:\/\/www.labellanotte.it\/wordpress\/wp-content\/uploads\/2013\/04\/055-155x155.jpg 155w, http:\/\/www.labellanotte.it\/wordpress\/wp-content\/uploads\/2013\/04\/055-140x140.jpg 140w\" sizes=\"(max-width: 150px) 100vw, 150px\" \/>\t\t\t\t\t\t            \t\t\t\t\t<\/a>\n\t\t\t\t\t\t\t<\/div>\n\t\t\t\t\t<div class=\"eltdf-ig-image\">\n\t\t\t\t\t\t\t\t\t<a class=\"eltdf-ig-lightbox\" href=\"http:\/\/www.labellanotte.it\/wordpress\/wp-content\/uploads\/2013\/04\/037.jpg\" data-rel=\"prettyPhoto[single_pretty_photo-315]\" title=\"Img Vigneti\">\n\t\t\t\t\t\t\t\t\t\t\t\t\t\t\t<img width=\"150\" height=\"150\" src=\"http:\/\/www.labellanotte.it\/wordpress\/wp-content\/uploads\/2013\/04\/037-150x150.jpg\" class=\"attachment-thumbnail size-thumbnail\" alt=\"\" decoding=\"async\" loading=\"lazy\" srcset=\"http:\/\/www.labellanotte.it\/wordpress\/wp-content\/uploads\/2013\/04\/037-150x150.jpg 150w, http:\/\/www.labellanotte.it\/wordpress\/wp-content\/uploads\/2013\/04\/037-109x109.jpg 109w, http:\/\/www.labellanotte.it\/wordpress\/wp-content\/uploads\/2013\/04\/037-155x155.jpg 155w, http:\/\/www.labellanotte.it\/wordpress\/wp-content\/uploads\/2013\/04\/037-140x140.jpg 140w\" sizes=\"(max-width: 150px) 100vw, 150px\" \/>\t\t\t\t\t\t            \t\t\t\t\t<\/a>\n\t\t\t\t\t\t\t<\/div>\n\t\t\t\t\t<div class=\"eltdf-ig-image\">\n\t\t\t\t\t\t\t\t\t<a class=\"eltdf-ig-lightbox\" href=\"http:\/\/www.labellanotte.it\/wordpress\/wp-content\/uploads\/2013\/04\/102.jpg\" data-rel=\"prettyPhoto[single_pretty_photo-315]\" title=\"Img Vendemmia\">\n\t\t\t\t\t\t\t\t\t\t\t\t\t\t\t<img width=\"150\" height=\"150\" src=\"http:\/\/www.labellanotte.it\/wordpress\/wp-content\/uploads\/2013\/04\/102-150x150.jpg\" class=\"attachment-thumbnail size-thumbnail\" alt=\"\" decoding=\"async\" loading=\"lazy\" srcset=\"http:\/\/www.labellanotte.it\/wordpress\/wp-content\/uploads\/2013\/04\/102-150x150.jpg 150w, http:\/\/www.labellanotte.it\/wordpress\/wp-content\/uploads\/2013\/04\/102-109x109.jpg 109w, http:\/\/www.labellanotte.it\/wordpress\/wp-content\/uploads\/2013\/04\/102-155x155.jpg 155w, http:\/\/www.labellanotte.it\/wordpress\/wp-content\/uploads\/2013\/04\/102-140x140.jpg 140w\" sizes=\"(max-width: 150px) 100vw, 150px\" \/>\t\t\t\t\t\t            \t\t\t\t\t<\/a>\n\t\t\t\t\t\t\t<\/div>\n\t\t\t\t\t<div class=\"eltdf-ig-image\">\n\t\t\t\t\t\t\t\t\t<a class=\"eltdf-ig-lightbox\" href=\"http:\/\/www.labellanotte.it\/wordpress\/wp-content\/uploads\/2013\/04\/057.jpg\" data-rel=\"prettyPhoto[single_pretty_photo-315]\" title=\"Img Vigneti\">\n\t\t\t\t\t\t\t\t\t\t\t\t\t\t\t<img width=\"150\" height=\"150\" src=\"http:\/\/www.labellanotte.it\/wordpress\/wp-content\/uploads\/2013\/04\/057-150x150.jpg\" class=\"attachment-thumbnail size-thumbnail\" alt=\"\" decoding=\"async\" loading=\"lazy\" srcset=\"http:\/\/www.labellanotte.it\/wordpress\/wp-content\/uploads\/2013\/04\/057-150x150.jpg 150w, http:\/\/www.labellanotte.it\/wordpress\/wp-content\/uploads\/2013\/04\/057-109x109.jpg 109w, http:\/\/www.labellanotte.it\/wordpress\/wp-content\/uploads\/2013\/04\/057-155x155.jpg 155w, http:\/\/www.labellanotte.it\/wordpress\/wp-content\/uploads\/2013\/04\/057-140x140.jpg 140w\" sizes=\"(max-width: 150px) 100vw, 150px\" \/>\t\t\t\t\t\t            \t\t\t\t\t<\/a>\n\t\t\t\t\t\t\t<\/div>\n\t\t\t\t\t<div class=\"eltdf-ig-image\">\n\t\t\t\t\t\t\t\t\t<a class=\"eltdf-ig-lightbox\" href=\"http:\/\/www.labellanotte.it\/wordpress\/wp-content\/uploads\/2013\/04\/095.jpg\" data-rel=\"prettyPhoto[single_pretty_photo-315]\" title=\"Img Vendemmia\">\n\t\t\t\t\t\t\t\t\t\t\t\t\t\t\t<img width=\"150\" height=\"150\" src=\"http:\/\/www.labellanotte.it\/wordpress\/wp-content\/uploads\/2013\/04\/095-150x150.jpg\" class=\"attachment-thumbnail size-thumbnail\" alt=\"\" decoding=\"async\" loading=\"lazy\" srcset=\"http:\/\/www.labellanotte.it\/wordpress\/wp-content\/uploads\/2013\/04\/095-150x150.jpg 150w, http:\/\/www.labellanotte.it\/wordpress\/wp-content\/uploads\/2013\/04\/095-109x109.jpg 109w, http:\/\/www.labellanotte.it\/wordpress\/wp-content\/uploads\/2013\/04\/095-155x155.jpg 155w, http:\/\/www.labellanotte.it\/wordpress\/wp-content\/uploads\/2013\/04\/095-140x140.jpg 140w\" sizes=\"(max-width: 150px) 100vw, 150px\" \/>\t\t\t\t\t\t            \t\t\t\t\t<\/a>\n\t\t\t\t\t\t\t<\/div>\n\t\t\t\t\t<div class=\"eltdf-ig-image\">\n\t\t\t\t\t\t\t\t\t<a class=\"eltdf-ig-lightbox\" href=\"http:\/\/www.labellanotte.it\/wordpress\/wp-content\/uploads\/2013\/04\/061.jpg\" data-rel=\"prettyPhoto[single_pretty_photo-315]\" title=\"Img Vigna\">\n\t\t\t\t\t\t\t\t\t\t\t\t\t\t\t<img width=\"150\" height=\"150\" src=\"http:\/\/www.labellanotte.it\/wordpress\/wp-content\/uploads\/2013\/04\/061-150x150.jpg\" class=\"attachment-thumbnail size-thumbnail\" alt=\"\" decoding=\"async\" loading=\"lazy\" srcset=\"http:\/\/www.labellanotte.it\/wordpress\/wp-content\/uploads\/2013\/04\/061-150x150.jpg 150w, http:\/\/www.labellanotte.it\/wordpress\/wp-content\/uploads\/2013\/04\/061-109x109.jpg 109w, http:\/\/www.labellanotte.it\/wordpress\/wp-content\/uploads\/2013\/04\/061-155x155.jpg 155w, http:\/\/www.labellanotte.it\/wordpress\/wp-content\/uploads\/2013\/04\/061-140x140.jpg 140w\" sizes=\"(max-width: 150px) 100vw, 150px\" \/>\t\t\t\t\t\t            \t\t\t\t\t<\/a>\n\t\t\t\t\t\t\t<\/div>\n\t\t\t<\/div>\n<\/div>[\/vc_column][\/vc_row]<\/p>\n","protected":false},"excerpt":{"rendered":"<p>[vc_row content_text_aligment=&#8221;center&#8221;][vc_column][vc_empty_space][vc_empty_space][vc_single_image image=&#8221;9201&#8243; img_size=&#8221;&#8221; alignment=&#8221;center&#8221; css_animation=&#8221;left-to-right&#8221;][vc_column_text css_animation=&#8221;flipInX&#8221;] La vendemmia \u00e8 manuale, la raccolta avviene in cassetta dopo un\u2019attenta selezione dei grappoli. Le uve bianche vengono raccolte a met\u00e0 settembre e le uve rosse a met\u00e0 ottobre. La vendemmia si inizia comunque dopo un attento esame [&hellip;]<\/p>\n","protected":false},"author":3,"featured_media":0,"parent":11579,"menu_order":0,"comment_status":"open","ping_status":"closed","template":"","meta":[],"_links":{"self":[{"href":"http:\/\/www.labellanotte.it\/wordpress\/wp-json\/wp\/v2\/pages\/11578"}],"collection":[{"href":"http:\/\/www.labellanotte.it\/wordpress\/wp-json\/wp\/v2\/pages"}],"about":[{"href":"http:\/\/www.labellanotte.it\/wordpress\/wp-json\/wp\/v2\/types\/page"}],"author":[{"embeddable":true,"href":"http:\/\/www.labellanotte.it\/wordpress\/wp-json\/wp\/v2\/users\/3"}],"replies":[{"embeddable":true,"href":"http:\/\/www.labellanotte.it\/wordpress\/wp-json\/wp\/v2\/comments?post=11578"}],"version-history":[{"count":11,"href":"http:\/\/www.labellanotte.it\/wordpress\/wp-json\/wp\/v2\/pages\/11578\/revisions"}],"predecessor-version":[{"id":11709,"href":"http:\/\/www.labellanotte.it\/wordpress\/wp-json\/wp\/v2\/pages\/11578\/revisions\/11709"}],"up":[{"embeddable":true,"href":"http:\/\/www.labellanotte.it\/wordpress\/wp-json\/wp\/v2\/pages\/11579"}],"wp:attachment":[{"href":"http:\/\/www.labellanotte.it\/wordpress\/wp-json\/wp\/v2\/media?parent=11578"}],"curies":[{"name":"wp","href":"https:\/\/api.w.org\/{rel}","templated":true}]}}