{"id":11579,"date":"2016-09-27T09:32:03","date_gmt":"2016-09-27T09:32:03","guid":{"rendered":"http:\/\/blu.elated-themes.com\/?page_id=2020"},"modified":"2018-02-05T01:09:21","modified_gmt":"2018-02-05T00:09:21","slug":"_______","status":"publish","type":"page","link":"http:\/\/www.labellanotte.it\/wordpress\/_______","title":{"rendered":"TERROIR"},"content":{"rendered":"<p>[vc_row row_content_width=&#8221;grid&#8221; content_text_aligment=&#8221;left&#8221;][vc_column][vc_empty_space][vc_single_image image=&#8221;9201&#8243; alignment=&#8221;center&#8221;][vc_empty_space]<div class=\"eltdf-section-title-holder\" style=\"text-align: center\">\n\t\t\t<h2 class=\"eltdf-st-title\" >\n\t\t\t<span>TERRITORIO<\/span>\n\t\t<\/h2>\n                    <div class=\"eltdf-st-separator clearfix\">\n                <div class=\"eltdf-separator\" ><\/div>\n            <\/div>\n        \t\t\t<\/div>[vc_empty_space][vc_column_text]<strong><em>Un universo unico, un mondo di grandi vini<\/em><\/strong><br \/>\nUn territorio a cavallo tra la Doc Friuli Isonzo e la Doc Collio, che racchiude in s\u00e9 tutta la magia di questa zona. Le peculiarit\u00e0 dei terreni e la variet\u00e0 dei vitigni, il particolare microclima e l\u2019armonia dei profumi, tutto concorre a rendere inconfondibili i frutti pi\u00f9 preziosi di questa meravigliosa terra.[\/vc_column_text][vc_empty_space]<div class=\"eltdf-parallax-image\" style=\"height: 450px\">\n\t<img src=\"http:\/\/www.labellanotte.it\/wordpress\/wp-content\/uploads\/2018\/02\/11.png\" alt=\"11\" \/>\n<\/div>[vc_empty_space][vc_single_image image=&#8221;4547&#8243; alignment=&#8221;center&#8221;][vc_empty_space]<div class=\"eltdf-section-title-holder\" style=\"text-align: center\">\n\t\t\t<h2 class=\"eltdf-st-title\" >\n\t\t\t<span>TERRA ROSSA<\/span>\n\t\t<\/h2>\n                    <div class=\"eltdf-st-separator clearfix\">\n                <div class=\"eltdf-separator\" ><\/div>\n            <\/div>\n        \t\t\t<\/div>[vc_empty_space][vc_column_text css_animation=&#8221;none&#8221;]I terreni sono principalmente calcarei, fortemente decalcificati, ma non completamente permeabili con presenza di ghiaie rosse e con uno strato terroso ferrettizzato di quasi un metro. La massa terrosa ferrettizzata ha grande interesse agrario. Trattiene notevolmente l\u2019acqua piovana e le sostanze fertilizzanti. Pur essendo terreno sub-argilloso, durante le forti siccit\u00e0 non produce mai profonde fessurazioni, perch\u00e9 i terreni tendono al tipo \u201cterra rossa\u201d, dove la coagulazione dei colloidi ferrici determina nel terreno una preziosa struttura lacunare. Lungo i corsi dell\u2019Isonzo e dello Judrio si nota la presenza di ghiaie bianche. Terreni ghiaiosi, caratterizzati da forte permeabilit\u00e0, forte aerazione, accentuati processi ossidativi, modesta presenza di humus, debole capacit\u00e0 di trattenuta idrica. Richiedono a volte interventi irrigui e le concimazioni devono essere effettuate con oculatezza. Pur essendo di difficile coltivazione, in questi terreni la vite riesce a produrre discretamente e si vede esaltare le proprie caratteristiche qualitative. Terreni, quindi, entrambi molto adatti alla coltivazione della vite. La caratteristica dei terreni dell\u2019Isonzo \u00e8 la presenza di ghiaie di recente alluvione. Se i terreni presentano diversificazioni abbastanza nette, il clima \u00e8 sufficientemente uniforme; non ci sono, grazie alla vicinanza del mare e alla cerchia delle Alpi, grossi sbalzi termici.[\/vc_column_text][vc_empty_space][\/vc_column][\/vc_row]<\/p>\n","protected":false},"excerpt":{"rendered":"<p>[vc_row row_content_width=&#8221;grid&#8221; content_text_aligment=&#8221;left&#8221;][vc_column][vc_empty_space][vc_single_image image=&#8221;9201&#8243; alignment=&#8221;center&#8221;][vc_empty_space][vc_empty_space][vc_column_text]Un universo unico, un mondo di grandi vini Un territorio a cavallo tra la Doc Friuli Isonzo e la Doc Collio, che racchiude in s\u00e9 tutta la magia di questa zona. Le peculiarit\u00e0 dei terreni e la variet\u00e0 dei vitigni, il [&hellip;]<\/p>\n","protected":false},"author":3,"featured_media":0,"parent":0,"menu_order":0,"comment_status":"closed","ping_status":"closed","template":"full-width.php","meta":[],"_links":{"self":[{"href":"http:\/\/www.labellanotte.it\/wordpress\/wp-json\/wp\/v2\/pages\/11579"}],"collection":[{"href":"http:\/\/www.labellanotte.it\/wordpress\/wp-json\/wp\/v2\/pages"}],"about":[{"href":"http:\/\/www.labellanotte.it\/wordpress\/wp-json\/wp\/v2\/types\/page"}],"author":[{"embeddable":true,"href":"http:\/\/www.labellanotte.it\/wordpress\/wp-json\/wp\/v2\/users\/3"}],"replies":[{"embeddable":true,"href":"http:\/\/www.labellanotte.it\/wordpress\/wp-json\/wp\/v2\/comments?post=11579"}],"version-history":[{"count":26,"href":"http:\/\/www.labellanotte.it\/wordpress\/wp-json\/wp\/v2\/pages\/11579\/revisions"}],"predecessor-version":[{"id":11853,"href":"http:\/\/www.labellanotte.it\/wordpress\/wp-json\/wp\/v2\/pages\/11579\/revisions\/11853"}],"wp:attachment":[{"href":"http:\/\/www.labellanotte.it\/wordpress\/wp-json\/wp\/v2\/media?parent=11579"}],"curies":[{"name":"wp","href":"https:\/\/api.w.org\/{rel}","templated":true}]}}