{"id":303,"date":"2013-04-11T15:54:21","date_gmt":"2013-04-11T13:54:21","guid":{"rendered":"http:\/\/www.labellanotte.it\/wordpress\/?page_id=303"},"modified":"2020-03-19T20:06:43","modified_gmt":"2020-03-19T19:06:43","slug":"chardonnay","status":"publish","type":"page","link":"http:\/\/www.labellanotte.it\/wordpress\/vini\/chardonnay","title":{"rendered":"CHARDONNAY"},"content":{"rendered":"<p><em><a href=\"http:\/\/www.labellanotte.it\/wordpress\/wp-content\/uploads\/2018\/03\/DSCN3170.jpg\"><img decoding=\"async\" loading=\"lazy\" class=\"alignleft wp-image-12088 size-large\" src=\"http:\/\/www.labellanotte.it\/wordpress\/wp-content\/uploads\/2018\/03\/DSCN3170-1024x768.jpg\" alt=\"\" width=\"1024\" height=\"768\" srcset=\"http:\/\/www.labellanotte.it\/wordpress\/wp-content\/uploads\/2018\/03\/DSCN3170-1024x768.jpg 1024w, http:\/\/www.labellanotte.it\/wordpress\/wp-content\/uploads\/2018\/03\/DSCN3170-300x225.jpg 300w, http:\/\/www.labellanotte.it\/wordpress\/wp-content\/uploads\/2018\/03\/DSCN3170-768x576.jpg 768w, http:\/\/www.labellanotte.it\/wordpress\/wp-content\/uploads\/2018\/03\/DSCN3170-800x600.jpg 800w, http:\/\/www.labellanotte.it\/wordpress\/wp-content\/uploads\/2018\/03\/DSCN3170.jpg 1500w\" sizes=\"(max-width: 1024px) 100vw, 1024px\" \/><\/a><\/em><\/p>\n<p><em>Chardonnay<\/em><br \/>\n<a href=\"http:\/\/www.labellanotte.it\/wordpress\/wp-content\/uploads\/2020\/03\/CHARDONNAY.jpg\"><img decoding=\"async\" loading=\"lazy\" class=\"alignleft wp-image-12201 size-large\" src=\"http:\/\/www.labellanotte.it\/wordpress\/wp-content\/uploads\/2020\/03\/CHARDONNAY-377x1024.jpg\" alt=\"\" width=\"377\" height=\"1024\" srcset=\"http:\/\/www.labellanotte.it\/wordpress\/wp-content\/uploads\/2020\/03\/CHARDONNAY-377x1024.jpg 377w, http:\/\/www.labellanotte.it\/wordpress\/wp-content\/uploads\/2020\/03\/CHARDONNAY-110x300.jpg 110w, http:\/\/www.labellanotte.it\/wordpress\/wp-content\/uploads\/2020\/03\/CHARDONNAY-768x2088.jpg 768w, http:\/\/www.labellanotte.it\/wordpress\/wp-content\/uploads\/2020\/03\/CHARDONNAY-565x1536.jpg 565w, http:\/\/www.labellanotte.it\/wordpress\/wp-content\/uploads\/2020\/03\/CHARDONNAY-753x2048.jpg 753w, http:\/\/www.labellanotte.it\/wordpress\/wp-content\/uploads\/2020\/03\/CHARDONNAY.jpg 933w\" sizes=\"(max-width: 377px) 100vw, 377px\" \/><\/a><br \/>\n<strong>Qualifica:<\/strong> DOC Friuli Isonzo<br \/>\n<strong>Zona di produzione:<\/strong> Friuli Venezia Giulia<br \/>\n<strong>Clima:<\/strong> Caratterizzato da forti escursioni termiche tra giorno e notte<br \/>\n<strong>Terreno:<\/strong> Calcareo con presenza di ghiaie<br \/>\n<strong>Altitudine:<\/strong> 100 m s.l.m.<br \/>\n<strong>Vitigni:<\/strong> Chardonnay<br \/>\n<strong>Resa di produzione:<\/strong> 80 q.li\/ha<br \/>\n<strong>Et\u00e0 media delle viti:<\/strong> 60 anni<br \/>\n<strong>Tecnica di vinificazione:<\/strong> macerazione con buccia 6 mesi e fermentazione con lieviti autoctoni<br \/>\n<strong>Invecchiamento:<\/strong> In cemento per 8 mesi<br \/>\n<strong>Affinamento:<\/strong> In bottiglia per 8 mesi<br \/>\n<strong>Colore:<\/strong> Giallo paglierino carico con riflessi verde-oro<br \/>\n<strong>Olfatto:<\/strong> Profumi di fiori bianchi, di mela renetta e di cedro<br \/>\n<strong>Sapore:<\/strong> Gradevole, pienamente soddisfacente, finale fruttato e suadente<br \/>\n<strong>Gradazione alcolica:<\/strong> 13% vol.<br \/>\n<strong>Temperatura di servizio:<\/strong> 10-12 \u00b0C<br \/>\n<strong>Conservazione:<\/strong> Bottiglia coricata in ambiente a temp. costante 16-18 \u00b0C<br \/>\n<strong>Abbinamento:<\/strong> Primi e secondi piatti di pesce, carni bianche e formaggi d&#8217;alpeggio di lieve-media stagionatura.<\/p>\n<p>Uno chardonnay vero, che sa di uve sane e mature, di sole e di passione, senza aliena intrusione. \u00c8 cristallino, dal bel giallo carico tendente all&#8217;oro antico, forma sui bordi archetti abbastanza fitti che scendono in lacrime abbastanza larghe ed abbastanza lente. Il suo attacco olfattivo \u00e8 dolce di nettare di fiori bianchi e del loro miele. Ottimo il dolce frutto di mela grattata e di tropicale ananas maturo, leggera la speziatura di curry a regalare eleganza e complessit\u00e0. Un quadro intenso ed estremamente pulito, rispecchiante le caratteristiche dell&#8217;uva raccolta a piena maturit\u00e0. Al gusto si rivela di giusto tenore alcolico, abbastanza morbido e di ottime freschezza e vivacit\u00e0, anche abbastanza sapido; \u00e8 vino che mostra buon spessore tra lingua e palato, che tende all&#8217;equilibrio e che rinnova le sensazioni regalateci all&#8217;olfatto. Il suo finale \u00e8 dolce, fruttato e soddisfacente, si ha tuttavia voglia di rinnovare il piacevole assaggio. Molto ben eseguito, ricorda alcuni grandi Chablis e lo si pu\u00f2 tranquillamente abbinare a preparazioni di pesce pregiato, in particolare a secondi piatti di pesce a lisca cucinato alla griglia o al sale, servito fresco a 10-12 \u00b0C, appena stappato, in calici di media ampiezza.<\/p>\n<p><strong><a href=\"http:\/\/www.labellanotte.it\/AggSchede\/Chardonnay.pdf\" target=\"_blank\" rel=\"noopener noreferrer\">PDF CHARDONNAY<\/a> \/ <a href=\"http:\/\/www.labellanotte.it\/AggSchede\/depliant_finale2017%20ultimo.pdf\">PDF SCHEDE VINI<\/a><\/strong><!--:--><\/p>\n","protected":false},"excerpt":{"rendered":"<p>Chardonnay Qualifica: DOC Friuli Isonzo Zona di produzione: Friuli Venezia Giulia Clima: Caratterizzato da forti escursioni termiche tra giorno e notte Terreno: Calcareo con presenza di ghiaie Altitudine: 100 m s.l.m. Vitigni: Chardonnay Resa di produzione: 80 q.li\/ha Et\u00e0 media delle viti: 60 anni Tecnica [&hellip;]<\/p>\n","protected":false},"author":1,"featured_media":0,"parent":127,"menu_order":0,"comment_status":"open","ping_status":"open","template":"","meta":[],"_links":{"self":[{"href":"http:\/\/www.labellanotte.it\/wordpress\/wp-json\/wp\/v2\/pages\/303"}],"collection":[{"href":"http:\/\/www.labellanotte.it\/wordpress\/wp-json\/wp\/v2\/pages"}],"about":[{"href":"http:\/\/www.labellanotte.it\/wordpress\/wp-json\/wp\/v2\/types\/page"}],"author":[{"embeddable":true,"href":"http:\/\/www.labellanotte.it\/wordpress\/wp-json\/wp\/v2\/users\/1"}],"replies":[{"embeddable":true,"href":"http:\/\/www.labellanotte.it\/wordpress\/wp-json\/wp\/v2\/comments?post=303"}],"version-history":[{"count":12,"href":"http:\/\/www.labellanotte.it\/wordpress\/wp-json\/wp\/v2\/pages\/303\/revisions"}],"predecessor-version":[{"id":12202,"href":"http:\/\/www.labellanotte.it\/wordpress\/wp-json\/wp\/v2\/pages\/303\/revisions\/12202"}],"up":[{"embeddable":true,"href":"http:\/\/www.labellanotte.it\/wordpress\/wp-json\/wp\/v2\/pages\/127"}],"wp:attachment":[{"href":"http:\/\/www.labellanotte.it\/wordpress\/wp-json\/wp\/v2\/media?parent=303"}],"curies":[{"name":"wp","href":"https:\/\/api.w.org\/{rel}","templated":true}]}}