{"id":310,"date":"2013-04-11T15:55:25","date_gmt":"2013-04-11T13:55:25","guid":{"rendered":"http:\/\/www.labellanotte.it\/wordpress\/?page_id=310"},"modified":"2025-07-06T14:35:40","modified_gmt":"2025-07-06T12:35:40","slug":"sauvignon","status":"publish","type":"page","link":"http:\/\/www.labellanotte.it\/wordpress\/vini\/sauvignon","title":{"rendered":"SAUVIGNON L&#8217; UMBERTO"},"content":{"rendered":"<p><!--:it--><a href=\"http:\/\/www.labellanotte.it\/wordpress\/wp-content\/uploads\/2018\/03\/DSCN3170.jpg\"><img decoding=\"async\" loading=\"lazy\" class=\"alignleft wp-image-12088 size-large\" src=\"http:\/\/www.labellanotte.it\/wordpress\/wp-content\/uploads\/2018\/03\/DSCN3170-1024x768.jpg\" alt=\"\" width=\"1024\" height=\"768\" srcset=\"http:\/\/www.labellanotte.it\/wordpress\/wp-content\/uploads\/2018\/03\/DSCN3170-1024x768.jpg 1024w, http:\/\/www.labellanotte.it\/wordpress\/wp-content\/uploads\/2018\/03\/DSCN3170-300x225.jpg 300w, http:\/\/www.labellanotte.it\/wordpress\/wp-content\/uploads\/2018\/03\/DSCN3170-768x576.jpg 768w, http:\/\/www.labellanotte.it\/wordpress\/wp-content\/uploads\/2018\/03\/DSCN3170-800x600.jpg 800w, http:\/\/www.labellanotte.it\/wordpress\/wp-content\/uploads\/2018\/03\/DSCN3170.jpg 1500w\" sizes=\"(max-width: 1024px) 100vw, 1024px\" \/><\/a><\/p>\n<p><em>Sauvignon L &#8216; Umberto<\/em><br \/><a href=\"http:\/\/www.labellanotte.it\/wordpress\/wp-content\/uploads\/2025\/07\/Sauvignon-copia-scaled.jpg\"><img decoding=\"async\" loading=\"lazy\" class=\"alignleft wp-image-12357 size-large\" src=\"http:\/\/www.labellanotte.it\/wordpress\/wp-content\/uploads\/2025\/07\/Sauvignon-copia-410x1024.jpg\" alt=\"\" width=\"410\" height=\"1024\" srcset=\"http:\/\/www.labellanotte.it\/wordpress\/wp-content\/uploads\/2025\/07\/Sauvignon-copia-410x1024.jpg 410w, http:\/\/www.labellanotte.it\/wordpress\/wp-content\/uploads\/2025\/07\/Sauvignon-copia-120x300.jpg 120w, http:\/\/www.labellanotte.it\/wordpress\/wp-content\/uploads\/2025\/07\/Sauvignon-copia-768x1919.jpg 768w, http:\/\/www.labellanotte.it\/wordpress\/wp-content\/uploads\/2025\/07\/Sauvignon-copia-615x1536.jpg 615w, http:\/\/www.labellanotte.it\/wordpress\/wp-content\/uploads\/2025\/07\/Sauvignon-copia-819x2048.jpg 819w, http:\/\/www.labellanotte.it\/wordpress\/wp-content\/uploads\/2025\/07\/Sauvignon-copia-scaled.jpg 1024w\" sizes=\"(max-width: 410px) 100vw, 410px\" \/><\/a><br \/><strong>Qualifica:<\/strong> DOC Friuli Isonzo<br \/><strong>Zona di produzione:<\/strong> Friuli Venezia Giulia<br \/><strong>Clima:<\/strong> Caratterizzato da forti escursioni termiche tra giorno e notte<br \/><strong>Terreno:<\/strong> Calcareo con presenza di ghiaie<br \/><strong>Altitudine:<\/strong> 100 m s.l.m.<br \/><strong>Vitigni:<\/strong> Sauvignon<br \/><strong>Resa di produzione:<\/strong> 80 q.li\/ha<br \/><strong>Et\u00e0 media delle viti:<\/strong> 30 anni<br \/><strong>Tecnica di vinificazione:<\/strong> Fermentazione termoregolata<br \/><strong>Invecchiamento:<\/strong> In acciaio per 5 mesi<br \/><strong>Affinamento:<\/strong> In bottiglia per 5 mesi<br \/><strong>Colore:<\/strong> Colore giallo paglierino intenso con evidenti venature verdognole<br \/><strong>Olfatto:<\/strong> Note fruttate che emergono, dalla pesca matura al mango, all&#8217;albicocca, all&#8217;ananas<br \/><strong>Sapore:<\/strong> Sorretto da una buona spalla si offre pieno e fresco\/morbido in perfetto equilibrio<br \/><strong>Gradazione alcolica:<\/strong> 13% vol.<br \/><strong>Temperatura di servizio:<\/strong> 12-14 \u00b0C<br \/><strong>Conservazione:<\/strong> Bottiglia coricata in ambiente a temp. costante 16-18 \u00b0C<br \/><strong>Abbinamento:<\/strong> Crostacei a vapore, capesante gratinate, acciughe fresche al verde, ravioli di pesce.<\/p>\n<p>Ecco un Sauvignon !!! Le note aromatiche non mancano di certo, ma non sono cos\u00ec invadenti, anzi, qui il peperone \u00e8 giallo pi\u00f9 delicato, ma cosa molto particolare sono le note fruttate che emergono, dalla pesca matura al mango, all&#8217;albicocca, all&#8217;ananas. E al gusto conferma le stesse caratteristiche: sorretto da una buona spalla si offre pieno e fresco\/morbido in perfetto equilibrio, senza strafare nelle sue possibilit\u00e0 espressive ma sicuramente lasciando in bocca una sensazione assai piacevole e distensiva.<br \/>n vino cos\u00ec si pu\u00f2 tranquillamente abbinare a crostacei a vapore, capesante gratinate, acciughe fresche al verde, ravioli di pesce, filetto di pescatrice al burro e capperi.<\/p>\n<p><strong>PDF SAUVIGNON \/ PDF SCHEDE VINI<\/strong><!--:--><\/p>\n\n\n<p><\/p>\n","protected":false},"excerpt":{"rendered":"<p>Sauvignon L &#8216; UmbertoQualifica: DOC Friuli IsonzoZona di produzione: Friuli Venezia GiuliaClima: Caratterizzato da forti escursioni termiche tra giorno e notteTerreno: Calcareo con presenza di ghiaieAltitudine: 100 m s.l.m.Vitigni: SauvignonResa di produzione: 80 q.li\/haEt\u00e0 media delle viti: 30 anniTecnica di vinificazione: Fermentazione termoregolataInvecchiamento: In acciaio [&hellip;]<\/p>\n","protected":false},"author":1,"featured_media":0,"parent":127,"menu_order":0,"comment_status":"open","ping_status":"open","template":"","meta":[],"_links":{"self":[{"href":"http:\/\/www.labellanotte.it\/wordpress\/wp-json\/wp\/v2\/pages\/310"}],"collection":[{"href":"http:\/\/www.labellanotte.it\/wordpress\/wp-json\/wp\/v2\/pages"}],"about":[{"href":"http:\/\/www.labellanotte.it\/wordpress\/wp-json\/wp\/v2\/types\/page"}],"author":[{"embeddable":true,"href":"http:\/\/www.labellanotte.it\/wordpress\/wp-json\/wp\/v2\/users\/1"}],"replies":[{"embeddable":true,"href":"http:\/\/www.labellanotte.it\/wordpress\/wp-json\/wp\/v2\/comments?post=310"}],"version-history":[{"count":10,"href":"http:\/\/www.labellanotte.it\/wordpress\/wp-json\/wp\/v2\/pages\/310\/revisions"}],"predecessor-version":[{"id":12358,"href":"http:\/\/www.labellanotte.it\/wordpress\/wp-json\/wp\/v2\/pages\/310\/revisions\/12358"}],"up":[{"embeddable":true,"href":"http:\/\/www.labellanotte.it\/wordpress\/wp-json\/wp\/v2\/pages\/127"}],"wp:attachment":[{"href":"http:\/\/www.labellanotte.it\/wordpress\/wp-json\/wp\/v2\/media?parent=310"}],"curies":[{"name":"wp","href":"https:\/\/api.w.org\/{rel}","templated":true}]}}