{"id":325,"date":"2013-04-11T15:57:15","date_gmt":"2013-04-11T13:57:15","guid":{"rendered":"http:\/\/www.labellanotte.it\/wordpress\/?page_id=325"},"modified":"2025-07-06T14:51:54","modified_gmt":"2025-07-06T12:51:54","slug":"luna-de-ronchi","status":"publish","type":"page","link":"http:\/\/www.labellanotte.it\/wordpress\/vini\/luna-de-ronchi","title":{"rendered":"LUNA DE&#8217; RONCHI"},"content":{"rendered":"<p><!--:it--><a href=\"http:\/\/www.labellanotte.it\/wordpress\/wp-content\/uploads\/2025\/07\/Da-mario-granoturco-sapa-251.jpg\"><img decoding=\"async\" loading=\"lazy\" class=\"alignleft wp-image-12361 size-large\" src=\"http:\/\/www.labellanotte.it\/wordpress\/wp-content\/uploads\/2025\/07\/Da-mario-granoturco-sapa-251-1024x682.jpg\" alt=\"\" width=\"1024\" height=\"682\" srcset=\"http:\/\/www.labellanotte.it\/wordpress\/wp-content\/uploads\/2025\/07\/Da-mario-granoturco-sapa-251-1024x682.jpg 1024w, http:\/\/www.labellanotte.it\/wordpress\/wp-content\/uploads\/2025\/07\/Da-mario-granoturco-sapa-251-300x200.jpg 300w, http:\/\/www.labellanotte.it\/wordpress\/wp-content\/uploads\/2025\/07\/Da-mario-granoturco-sapa-251-768x512.jpg 768w, http:\/\/www.labellanotte.it\/wordpress\/wp-content\/uploads\/2025\/07\/Da-mario-granoturco-sapa-251-1536x1023.jpg 1536w, http:\/\/www.labellanotte.it\/wordpress\/wp-content\/uploads\/2025\/07\/Da-mario-granoturco-sapa-251.jpg 1600w\" sizes=\"(max-width: 1024px) 100vw, 1024px\" \/><\/a><\/p>\n<p><em>Luna de&#8217; Ronchi<\/em><br \/>\n<a href=\"http:\/\/www.labellanotte.it\/wordpress\/wp-content\/uploads\/2013\/04\/luna-de-ronchi.jpg\"><img decoding=\"async\" loading=\"lazy\" class=\"alignleft size-full wp-image-723\" src=\"http:\/\/www.labellanotte.it\/wordpress\/wp-content\/uploads\/2013\/04\/luna-de-ronchi.jpg\" alt=\"luna-de-ronchi\" width=\"122\" height=\"500\" srcset=\"http:\/\/www.labellanotte.it\/wordpress\/wp-content\/uploads\/2013\/04\/luna-de-ronchi.jpg 122w, http:\/\/www.labellanotte.it\/wordpress\/wp-content\/uploads\/2013\/04\/luna-de-ronchi-73x300.jpg 73w\" sizes=\"(max-width: 122px) 100vw, 122px\" \/><\/a><br \/>\n<strong>Qualifica:<\/strong> DOC Friuli Isonzo<br \/>\n<strong>Zona di produzione:<\/strong> Comune di Farra d\u2019Isonzo (GO)<br \/>\n<strong>Clima:<\/strong> Caratterizzato da forti escursioni termiche tra giorno e notte<br \/>\n<strong>Terreno:<\/strong> Calcareo con presenza di ghiaie<br \/>\n<strong>Altitudine:<\/strong> 50 m s.l.m.<br \/>\n<strong>Vitigni:<\/strong> Sauvignon e Friulano<br \/>\n<strong>Resa di produzione:<\/strong> 70 q.li\/ha<br \/>\n<strong>Et\u00e0 media delle viti:<\/strong> 50 anni<br \/>\n<strong>Tecnica di vinificazione:<\/strong> Fermentazione termoregolata<br \/>\n<strong>Invecchiamento:<\/strong> In acciaio per 5 mesi<br \/>\n<strong>Affinamento:<\/strong> In bottiglia per 5 mesi<br \/>\n<strong>Colore:<\/strong> Colore giallo paglierino intenso con evidenti venature verdognole<br \/>\n<strong>Olfatto:<\/strong> Fiori quali acacia e ginestra, seguono note di mela e agrumi dolci<br \/>\n<strong>Sapore:<\/strong> Sapido e strutturato, esprime un buon equilibrio e freschezza<br \/>\n<strong>Gradazione alcolica:<\/strong> 13% vol.<br \/>\n<strong>Temperatura di servizio:<\/strong> 10-12 \u00b0C<br \/>\n<strong>Conservazione:<\/strong> Bottiglia coricata in ambiente a temp. costante 16-18 \u00b0C<br \/>\n<strong>Abbinamento:<\/strong> Terrine di pesce, primi piatti ai frutti di mare e preparazioni di pesce pregiato alle erbe fini.<\/p>\n<p>Un vino che negli anni ha lentamente cambiato la propria composizione in vitigni e che ora ci pare aver raggiunto il suo massimo. Luna de Ronchi \u00e8 un felice connubio di caratteri, quello del sauvignon e del tocai friulano, che insieme danno vita ad un prodotto di grande personalit\u00e0 e rara bont\u00e0. Ha aspetto cristallino, giallo paglierino tenue vivacizzato da riflessi verdolini. L&#8217;impatto olfattivo \u00e8 ottimo ed interessante: vi si riconoscono i profumi vegetali di foglia di pomodoro accompagnati da sentori di erbe aromatiche quali salvia e timo, poi il fruttato di mandorla matura, le note citrine di limone e bergamotto, e le immancabili sensazioni minerali di pietra bianca, estratte dal severo territorio d&#8217;origine. Al gusto \u00e8 secco ma setoso, gradevolmente acidulo, saporito, dal finale lungo, fresco ed invitante. Pulito, coerente con i caratteri dei vitigni che lo compongono, della terra e dei sassi su cui cresce, senza contaminazioni aliene e senza sorprendere con effetti speciali, espressione della migliore tradizione vitivinicola friulana, sfiora la perfezione e supera agevolmente la soglia dell&#8217;eccellenza. Imbattibile con il salmone affumicato, quello buono, perfetto con terrine di pesce, primi piatti ai frutti di mare e preparazioni di pesce pregiato alle erbe fini; servito a 10-12 \u00b0C circa in calici di media ampiezza.<\/p>\n<p><strong>PDF LUNA DE&#8217; RONCHI \/ PDF SCHEDE VINI<\/strong><!--:--><\/p>\n","protected":false},"excerpt":{"rendered":"<p>Luna de&#8217; Ronchi Qualifica: DOC Friuli Isonzo Zona di produzione: Comune di Farra d\u2019Isonzo (GO) Clima: Caratterizzato da forti escursioni termiche tra giorno e notte Terreno: Calcareo con presenza di ghiaie Altitudine: 50 m s.l.m. Vitigni: Sauvignon e Friulano Resa di produzione: 70 q.li\/ha Et\u00e0 [&hellip;]<\/p>\n","protected":false},"author":1,"featured_media":0,"parent":127,"menu_order":0,"comment_status":"open","ping_status":"open","template":"","meta":[],"_links":{"self":[{"href":"http:\/\/www.labellanotte.it\/wordpress\/wp-json\/wp\/v2\/pages\/325"}],"collection":[{"href":"http:\/\/www.labellanotte.it\/wordpress\/wp-json\/wp\/v2\/pages"}],"about":[{"href":"http:\/\/www.labellanotte.it\/wordpress\/wp-json\/wp\/v2\/types\/page"}],"author":[{"embeddable":true,"href":"http:\/\/www.labellanotte.it\/wordpress\/wp-json\/wp\/v2\/users\/1"}],"replies":[{"embeddable":true,"href":"http:\/\/www.labellanotte.it\/wordpress\/wp-json\/wp\/v2\/comments?post=325"}],"version-history":[{"count":10,"href":"http:\/\/www.labellanotte.it\/wordpress\/wp-json\/wp\/v2\/pages\/325\/revisions"}],"predecessor-version":[{"id":12362,"href":"http:\/\/www.labellanotte.it\/wordpress\/wp-json\/wp\/v2\/pages\/325\/revisions\/12362"}],"up":[{"embeddable":true,"href":"http:\/\/www.labellanotte.it\/wordpress\/wp-json\/wp\/v2\/pages\/127"}],"wp:attachment":[{"href":"http:\/\/www.labellanotte.it\/wordpress\/wp-json\/wp\/v2\/media?parent=325"}],"curies":[{"name":"wp","href":"https:\/\/api.w.org\/{rel}","templated":true}]}}